
{"id":2404,"date":"2023-03-14T02:11:37","date_gmt":"2023-03-13T23:11:37","guid":{"rendered":"https:\/\/yapicelik.com.tr\/hakkimizda\/"},"modified":"2023-05-06T17:20:56","modified_gmt":"2023-05-06T14:20:56","slug":"about-us","status":"publish","type":"page","link":"https:\/\/yapicelik.com.tr\/en\/about-us\/","title":{"rendered":"About Us"},"content":{"rendered":"\t\t<div data-elementor-type=\"wp-page\" data-elementor-id=\"2404\" class=\"elementor elementor-2404 elementor-1162\">\n\t\t\t\t\t\t\t\t\t<section data-particle_enable=\"false\" data-particle-mobile-disabled=\"false\" class=\"elementor-section elementor-top-section elementor-element elementor-element-2a0a1eb elementor-section-stretched elementor-section-boxed elementor-section-height-default elementor-section-height-default\" data-id=\"2a0a1eb\" data-element_type=\"section\" data-settings=\"{&quot;stretch_section&quot;:&quot;section-stretched&quot;}\">\n\t\t\t\t\t\t<div class=\"elementor-container elementor-column-gap-default\">\n\t\t\t\t\t<div class=\"elementor-column elementor-col-66 elementor-top-column elementor-element elementor-element-4b4d23e\" data-id=\"4b4d23e\" data-element_type=\"column\">\n\t\t\t<div class=\"elementor-widget-wrap elementor-element-populated\">\n\t\t\t\t\t\t\t\t<div class=\"elementor-element elementor-element-cb99f0f elementor-widget elementor-widget-heading\" data-id=\"cb99f0f\" data-element_type=\"widget\" data-widget_type=\"heading.default\">\n\t\t\t\t<div class=\"elementor-widget-container\">\n\t\t\t<style>\/*! elementor - v3.11.5 - 14-03-2023 *\/\n.elementor-heading-title{padding:0;margin:0;line-height:1}.elementor-widget-heading .elementor-heading-title[class*=elementor-size-]>a{color:inherit;font-size:inherit;line-height:inherit}.elementor-widget-heading .elementor-heading-title.elementor-size-small{font-size:15px}.elementor-widget-heading .elementor-heading-title.elementor-size-medium{font-size:19px}.elementor-widget-heading .elementor-heading-title.elementor-size-large{font-size:29px}.elementor-widget-heading .elementor-heading-title.elementor-size-xl{font-size:39px}.elementor-widget-heading .elementor-heading-title.elementor-size-xxl{font-size:59px}<\/style><span class=\"elementor-heading-title elementor-size-default\">Quality, Fast, Reliable, and Intelligent Solutions<\/span>\t\t<\/div>\n\t\t\t\t<\/div>\n\t\t\t\t<div class=\"elementor-element elementor-element-76388f3 elementor-widget elementor-widget-text-editor\" data-id=\"76388f3\" data-element_type=\"widget\" data-widget_type=\"text-editor.default\">\n\t\t\t\t<div class=\"elementor-widget-container\">\n\t\t\t<style>\/*! elementor - v3.11.5 - 14-03-2023 *\/\n.elementor-widget-text-editor.elementor-drop-cap-view-stacked .elementor-drop-cap{background-color:#818a91;color:#fff}.elementor-widget-text-editor.elementor-drop-cap-view-framed .elementor-drop-cap{color:#818a91;border:3px solid;background-color:transparent}.elementor-widget-text-editor:not(.elementor-drop-cap-view-default) .elementor-drop-cap{margin-top:8px}.elementor-widget-text-editor:not(.elementor-drop-cap-view-default) .elementor-drop-cap-letter{width:1em;height:1em}.elementor-widget-text-editor .elementor-drop-cap{float:left;text-align:center;line-height:1;font-size:50px}.elementor-widget-text-editor .elementor-drop-cap-letter{display:inline-block}<\/style>\t\t\t\t<p>We continue our journey that started as Vizyon Makine as \u00c7ELIK KONSTR\u00dcKS\u0130YON YAPI \u0130N\u015eAAT SAN. VE T\u0130C. A.\u015e in 2015. We continue our activities with the aim of providing our customers with quality, fast, reliable, and intelligent solutions. We have gained recognition by successfully participating in many prestigious projects both domestically and abroad. Today, with our structural steel applications, we have become a brand in the Construction Steel sector. We closely follow technological developments and respond to our customers&#8217; needs in the best way with our innovative approaches.<\/p><p>If you are looking for a reliable and expert partner for the durability, aesthetics, and economy of your structures, we are here as \u00c7ELIK KONSTR\u00dcKS\u0130YON YAPI \u0130N\u015eAAT SAN. VE T\u0130C. A.\u015e. Contact us for the most suitable solutions for your needs.<\/p>\t\t\t\t\t\t<\/div>\n\t\t\t\t<\/div>\n\t\t\t\t\t<\/div>\n\t\t<\/div>\n\t\t\t\t<div class=\"elementor-column elementor-col-33 elementor-top-column elementor-element elementor-element-56d8920\" data-id=\"56d8920\" data-element_type=\"column\">\n\t\t\t<div class=\"elementor-widget-wrap elementor-element-populated\">\n\t\t\t\t\t\t\t\t<div class=\"elementor-element elementor-element-df53546 dce_masking-none elementor-widget elementor-widget-image\" data-id=\"df53546\" data-element_type=\"widget\" data-widget_type=\"image.default\">\n\t\t\t\t<div class=\"elementor-widget-container\">\n\t\t\t<style>\/*! elementor - v3.11.5 - 14-03-2023 *\/\n.elementor-widget-image{text-align:center}.elementor-widget-image a{display:inline-block}.elementor-widget-image a img[src$=\".svg\"]{width:48px}.elementor-widget-image img{vertical-align:middle;display:inline-block}<\/style>\t\t\t\t\t\t\t\t\t\t\t\t<img loading=\"lazy\" decoding=\"async\" width=\"350\" height=\"350\" src=\"https:\/\/yapicelik.com.tr\/wp-content\/uploads\/2023\/03\/310paslanmazsac.jpg\" class=\"attachment-large size-large wp-image-1227\" alt=\"\" srcset=\"https:\/\/yapicelik.com.tr\/wp-content\/uploads\/2023\/03\/310paslanmazsac.jpg 350w, https:\/\/yapicelik.com.tr\/wp-content\/uploads\/2023\/03\/310paslanmazsac-300x300.jpg 300w, https:\/\/yapicelik.com.tr\/wp-content\/uploads\/2023\/03\/310paslanmazsac-150x150.jpg 150w, https:\/\/yapicelik.com.tr\/wp-content\/uploads\/2023\/03\/310paslanmazsac-146x146.jpg 146w, https:\/\/yapicelik.com.tr\/wp-content\/uploads\/2023\/03\/310paslanmazsac-50x50.jpg 50w, https:\/\/yapicelik.com.tr\/wp-content\/uploads\/2023\/03\/310paslanmazsac-75x75.jpg 75w, https:\/\/yapicelik.com.tr\/wp-content\/uploads\/2023\/03\/310paslanmazsac-85x85.jpg 85w, https:\/\/yapicelik.com.tr\/wp-content\/uploads\/2023\/03\/310paslanmazsac-80x80.jpg 80w\" sizes=\"auto, (max-width: 350px) 100vw, 350px\" \/>\t\t\t\t\t\t\t\t\t\t\t\t\t\t\t<\/div>\n\t\t\t\t<\/div>\n\t\t\t\t\t<\/div>\n\t\t<\/div>\n\t\t\t\t\t\t\t<\/div>\n\t\t<\/section>\n\t\t\t\t<section data-particle_enable=\"false\" data-particle-mobile-disabled=\"false\" class=\"elementor-section elementor-top-section elementor-element elementor-element-0e07e50 elementor-section-stretched elementor-section-boxed elementor-section-height-default elementor-section-height-default\" data-id=\"0e07e50\" data-element_type=\"section\" data-settings=\"{&quot;stretch_section&quot;:&quot;section-stretched&quot;}\">\n\t\t\t\t\t\t<div class=\"elementor-container elementor-column-gap-default\">\n\t\t\t\t\t<div class=\"elementor-column elementor-col-100 elementor-top-column elementor-element elementor-element-3f543cd\" data-id=\"3f543cd\" data-element_type=\"column\">\n\t\t\t<div class=\"elementor-widget-wrap elementor-element-populated\">\n\t\t\t\t\t\t\t\t<div class=\"elementor-element elementor-element-38dc007 elementor-widget elementor-widget-text-editor\" data-id=\"38dc007\" data-element_type=\"widget\" data-widget_type=\"text-editor.default\">\n\t\t\t\t<div class=\"elementor-widget-container\">\n\t\t\t\t\t\t\t<p>Our company has been providing customers with high-quality steel profile products for many years. We manufacture steel profile products using modern technologies in our production facilities.<\/p><p>Our goal is to provide quality and innovative solutions by designing products that meet our customers&#8217; needs. While doing our job, we strive to gain our customers&#8217; trust without compromising on honesty, transparency, and ethical values.<\/p><p>Our company&#8217;s product range consists of rectangular profiles, square profiles, NPU irons, NPI irons, HEA irons, HEB irons, IPE profiles, and various other steel profile products. By taking strict quality control measures during the production process, we offer our customers the highest quality standards.<\/p><p>Customer satisfaction is our top priority. To provide quick and effective solutions tailored to our customers&#8217; needs, we work with an experienced and expert team. We constantly value our customers&#8217; feedback and continuously improve our products.<\/p><p>In addition to providing quality products to our customers in the construction sector, our company also serves customers in different sectors. Our aim is to be a leading player in our industry by providing our customers with quality and innovative products and gaining their trust.<\/p>\t\t\t\t\t\t<\/div>\n\t\t\t\t<\/div>\n\t\t\t\t<div class=\"elementor-element elementor-element-fdf2e93 elementor-widget elementor-widget-heading\" data-id=\"fdf2e93\" data-element_type=\"widget\" data-widget_type=\"heading.default\">\n\t\t\t\t<div class=\"elementor-widget-container\">\n\t\t\t<span class=\"elementor-heading-title elementor-size-default\">Why Choose Us?<\/span>\t\t<\/div>\n\t\t\t\t<\/div>\n\t\t\t\t<div class=\"elementor-element elementor-element-ffec93a elementor-widget elementor-widget-text-editor\" data-id=\"ffec93a\" data-element_type=\"widget\" data-widget_type=\"text-editor.default\">\n\t\t\t\t<div class=\"elementor-widget-container\">\n\t\t\t\t\t\t\t<p><strong>Yap\u0131 \u00c7elik<\/strong> has a well-equipped team and machinery for the high quality, on-time delivery and reasonable price that its customers expect. It continues its activities in the field of steel structure, laser-plasma metal cutting and metal bending without sacrificing quality in the country and abroad.<\/p>\t\t\t\t\t\t<\/div>\n\t\t\t\t<\/div>\n\t\t\t\t\t<\/div>\n\t\t<\/div>\n\t\t\t\t\t\t\t<\/div>\n\t\t<\/section>\n\t\t\t\t\t\t\t<\/div>\n\t\t","protected":false},"excerpt":{"rendered":"<p>Quality, Fast, Reliable, and Intelligent Solutions We continue our journey that started as Vizyon Makine as \u00c7ELIK KONSTR\u00dcKS\u0130YON YAPI \u0130N\u015eAAT SAN. VE T\u0130C. A.\u015e in 2015.<span class=\"excerpt-hellip\"> [\u2026]<\/span><\/p>\n","protected":false},"author":1,"featured_media":0,"parent":0,"menu_order":0,"comment_status":"closed","ping_status":"closed","template":"","meta":{"footnotes":""},"class_list":["post-2404","page","type-page","status-publish","hentry"],"_links":{"self":[{"href":"https:\/\/yapicelik.com.tr\/en\/wp-json\/wp\/v2\/pages\/2404","targetHints":{"allow":["GET"]}}],"collection":[{"href":"https:\/\/yapicelik.com.tr\/en\/wp-json\/wp\/v2\/pages"}],"about":[{"href":"https:\/\/yapicelik.com.tr\/en\/wp-json\/wp\/v2\/types\/page"}],"author":[{"embeddable":true,"href":"https:\/\/yapicelik.com.tr\/en\/wp-json\/wp\/v2\/users\/1"}],"replies":[{"embeddable":true,"href":"https:\/\/yapicelik.com.tr\/en\/wp-json\/wp\/v2\/comments?post=2404"}],"version-history":[{"count":0,"href":"https:\/\/yapicelik.com.tr\/en\/wp-json\/wp\/v2\/pages\/2404\/revisions"}],"wp:attachment":[{"href":"https:\/\/yapicelik.com.tr\/en\/wp-json\/wp\/v2\/media?parent=2404"}],"curies":[{"name":"wp","href":"https:\/\/api.w.org\/{rel}","templated":true}]}}