
{"id":3008,"date":"2023-03-14T02:11:37","date_gmt":"2023-03-13T23:11:37","guid":{"rendered":"https:\/\/yapicelik.com.tr\/hakkimizda\/"},"modified":"2023-06-26T01:04:03","modified_gmt":"2023-06-25T22:04:03","slug":"%d0%be-%d0%bd%d0%b0%d1%81","status":"publish","type":"page","link":"https:\/\/yapicelik.com.tr\/ru\/%d0%be-%d0%bd%d0%b0%d1%81\/","title":{"rendered":"\u043e \u043d\u0430\u0441"},"content":{"rendered":"\t\t<div data-elementor-type=\"wp-page\" data-elementor-id=\"3008\" class=\"elementor elementor-3008 elementor-1162\">\n\t\t\t\t\t\t\t\t\t<section data-particle_enable=\"false\" data-particle-mobile-disabled=\"false\" class=\"elementor-section elementor-top-section elementor-element elementor-element-2a0a1eb elementor-section-stretched elementor-section-boxed elementor-section-height-default elementor-section-height-default\" data-id=\"2a0a1eb\" data-element_type=\"section\" data-settings=\"{&quot;stretch_section&quot;:&quot;section-stretched&quot;}\">\n\t\t\t\t\t\t<div class=\"elementor-container elementor-column-gap-default\">\n\t\t\t\t\t<div class=\"elementor-column elementor-col-66 elementor-top-column elementor-element elementor-element-4b4d23e\" data-id=\"4b4d23e\" data-element_type=\"column\">\n\t\t\t<div class=\"elementor-widget-wrap elementor-element-populated\">\n\t\t\t\t\t\t\t\t<div class=\"elementor-element elementor-element-cb99f0f elementor-widget elementor-widget-heading\" data-id=\"cb99f0f\" data-element_type=\"widget\" data-widget_type=\"heading.default\">\n\t\t\t\t<div class=\"elementor-widget-container\">\n\t\t\t<style>\/*! elementor - v3.11.5 - 14-03-2023 *\/\n.elementor-heading-title{padding:0;margin:0;line-height:1}.elementor-widget-heading .elementor-heading-title[class*=elementor-size-]>a{color:inherit;font-size:inherit;line-height:inherit}.elementor-widget-heading .elementor-heading-title.elementor-size-small{font-size:15px}.elementor-widget-heading .elementor-heading-title.elementor-size-medium{font-size:19px}.elementor-widget-heading .elementor-heading-title.elementor-size-large{font-size:29px}.elementor-widget-heading .elementor-heading-title.elementor-size-xl{font-size:39px}.elementor-widget-heading .elementor-heading-title.elementor-size-xxl{font-size:59px}<\/style><span class=\"elementor-heading-title elementor-size-default\">\u041a\u0430\u0447\u0435\u0441\u0442\u0432\u0435\u043d\u043d\u044b\u0435, \u0431\u044b\u0441\u0442\u0440\u044b\u0435, \u043d\u0430\u0434\u0435\u0436\u043d\u044b\u0435 \u0438 \u0438\u043d\u0442\u0435\u043b\u043b\u0435\u043a\u0442\u0443\u0430\u043b\u044c\u043d\u044b\u0435 \u0440\u0435\u0448\u0435\u043d\u0438\u044f<\/span>\t\t<\/div>\n\t\t\t\t<\/div>\n\t\t\t\t<div class=\"elementor-element elementor-element-76388f3 elementor-widget elementor-widget-text-editor\" data-id=\"76388f3\" data-element_type=\"widget\" data-widget_type=\"text-editor.default\">\n\t\t\t\t<div class=\"elementor-widget-container\">\n\t\t\t<style>\/*! elementor - v3.11.5 - 14-03-2023 *\/\n.elementor-widget-text-editor.elementor-drop-cap-view-stacked .elementor-drop-cap{background-color:#818a91;color:#fff}.elementor-widget-text-editor.elementor-drop-cap-view-framed .elementor-drop-cap{color:#818a91;border:3px solid;background-color:transparent}.elementor-widget-text-editor:not(.elementor-drop-cap-view-default) .elementor-drop-cap{margin-top:8px}.elementor-widget-text-editor:not(.elementor-drop-cap-view-default) .elementor-drop-cap-letter{width:1em;height:1em}.elementor-widget-text-editor .elementor-drop-cap{float:left;text-align:center;line-height:1;font-size:50px}.elementor-widget-text-editor .elementor-drop-cap-letter{display:inline-block}<\/style>\t\t\t\t<p>\u041c\u044b \u043f\u0440\u043e\u0434\u043e\u043b\u0436\u0430\u0435\u043c \u043d\u0430\u0448\u0435 \u043f\u0443\u0442\u0435\u0448\u0435\u0441\u0442\u0432\u0438\u0435 \u043f\u043e\u0434 \u043d\u0430\u0437\u0432\u0430\u043d\u0438\u0435\u043c Vizyon Makine, \u0441 2015 \u0433\u043e\u0434\u0430 \u043f\u043e\u0434 \u0438\u043c\u0435\u043d\u0435\u043c \u00c7EL\u0130K KONSTR\u00dcKS\u0130YON YAPI \u0130N\u015eAAT SAN. VE T\u0130C. A.\u015e. \u041c\u044b \u043f\u0440\u043e\u0434\u043e\u043b\u0436\u0430\u0435\u043c \u0441\u0432\u043e\u044e \u0434\u0435\u044f\u0442\u0435\u043b\u044c\u043d\u043e\u0441\u0442\u044c \u0441 \u0446\u0435\u043b\u044c\u044e \u043f\u0440\u0435\u0434\u043e\u0441\u0442\u0430\u0432\u043b\u0435\u043d\u0438\u044f \u043d\u0430\u0448\u0438\u043c \u043a\u043b\u0438\u0435\u043d\u0442\u0430\u043c \u043a\u0430\u0447\u0435\u0441\u0442\u0432\u0435\u043d\u043d\u044b\u0445, \u0431\u044b\u0441\u0442\u0440\u044b\u0445, \u043d\u0430\u0434\u0435\u0436\u043d\u044b\u0445 \u0438 \u0438\u043d\u0442\u0435\u043b\u043b\u0435\u043a\u0442\u0443\u0430\u043b\u044c\u043d\u044b\u0445 \u0440\u0435\u0448\u0435\u043d\u0438\u0439. \u041c\u044b \u0434\u043e\u0431\u0438\u043b\u0438\u0441\u044c \u043f\u0440\u0438\u0437\u043d\u0430\u043d\u0438\u044f, \u0443\u0441\u043f\u0435\u0448\u043d\u043e \u0443\u0447\u0430\u0441\u0442\u0432\u0443\u044f \u0432\u043e \u043c\u043d\u043e\u0433\u0438\u0445 \u043f\u0440\u0435\u0441\u0442\u0438\u0436\u043d\u044b\u0445 \u043f\u0440\u043e\u0435\u043a\u0442\u0430\u0445 \u0432\u043d\u0443\u0442\u0440\u0438 \u0441\u0442\u0440\u0430\u043d\u044b \u0438 \u0437\u0430 \u0435\u0435 \u043f\u0440\u0435\u0434\u0435\u043b\u0430\u043c\u0438. \u0421\u0435\u0433\u043e\u0434\u043d\u044f \u043c\u044b \u0441\u0442\u0430\u043b\u0438 \u043c\u0430\u0440\u043a\u043e\u0439 \u0432 \u043e\u0431\u043b\u0430\u0441\u0442\u0438 \u0441\u0442\u0440\u043e\u0438\u0442\u0435\u043b\u044c\u043d\u043e\u0433\u043e \u043c\u0435\u0442\u0430\u043b\u043b\u0430 \u0431\u043b\u0430\u0433\u043e\u0434\u0430\u0440\u044f \u043d\u0430\u0448\u0438\u043c \u043f\u0440\u0438\u043c\u0435\u043d\u0435\u043d\u0438\u044f\u043c \u0432 \u043e\u0431\u043b\u0430\u0441\u0442\u0438 \u0441\u0442\u0430\u043b\u044c\u043d\u044b\u0445 \u043a\u043e\u043d\u0441\u0442\u0440\u0443\u043a\u0446\u0438\u0439. \u041c\u044b \u0442\u0435\u0441\u043d\u043e \u0441\u043b\u0435\u0434\u0438\u043c \u0437\u0430 \u0442\u0435\u0445\u043d\u043e\u043b\u043e\u0433\u0438\u0447\u0435\u0441\u043a\u0438\u043c\u0438 \u043d\u043e\u0432\u0448\u0435\u0441\u0442\u0432\u0430\u043c\u0438 \u0438 \u0438\u043d\u043d\u043e\u0432\u0430\u0446\u0438\u043e\u043d\u043d\u044b\u043c\u0438 \u043f\u043e\u0434\u0445\u043e\u0434\u0430\u043c\u0438, \u0447\u0442\u043e\u0431\u044b \u043d\u0430\u0438\u043b\u0443\u0447\u0448\u0438\u043c \u043e\u0431\u0440\u0430\u0437\u043e\u043c \u043e\u0442\u0432\u0435\u0447\u0430\u0442\u044c \u043d\u0430 \u043f\u043e\u0442\u0440\u0435\u0431\u043d\u043e\u0441\u0442\u0438 \u043d\u0430\u0448\u0438\u0445 \u043a\u043b\u0438\u0435\u043d\u0442\u043e\u0432.<\/p><p>\u0415\u0441\u043b\u0438 \u0432\u044b \u0438\u0449\u0435\u0442\u0435 \u043d\u0430\u0434\u0435\u0436\u043d\u043e\u0433\u043e \u0438 \u043e\u043f\u044b\u0442\u043d\u043e\u0433\u043e \u043f\u0430\u0440\u0442\u043d\u0435\u0440\u0430 \u0434\u043b\u044f \u043f\u0440\u043e\u0447\u043d\u043e\u0441\u0442\u0438, \u044d\u0441\u0442\u0435\u0442\u0438\u043a\u0438 \u0438 \u044d\u043a\u043e\u043d\u043e\u043c\u0438\u0447\u0435\u0441\u043a\u043e\u0439 \u044d\u0444\u0444\u0435\u043a\u0442\u0438\u0432\u043d\u043e\u0441\u0442\u0438 \u0432\u0430\u0448\u0438\u0445 \u043a\u043e\u043d\u0441\u0442\u0440\u0443\u043a\u0446\u0438\u0439, \u043c\u044b, \u043a\u0430\u043a \u00c7EL\u0130K KONSTR\u00dcKS\u0130YON YAPI \u0130N\u015eAAT SAN. VE T\u0130C. A.\u015e., \u043d\u0430\u0445\u043e\u0434\u0438\u043c\u0441\u044f \u0440\u044f\u0434\u043e\u043c \u0441 \u0432\u0430\u043c\u0438. \u0421\u0432\u044f\u0436\u0438\u0442\u0435\u0441\u044c \u0441 \u043d\u0430\u043c\u0438, \u0447\u0442\u043e\u0431\u044b \u043f\u043e\u043b\u0443\u0447\u0438\u0442\u044c \u043d\u0430\u0438\u0431\u043e\u043b\u0435\u0435 \u043f\u043e\u0434\u0445\u043e\u0434\u044f\u0449\u0438\u0435 \u0440\u0435\u0448\u0435\u043d\u0438\u044f \u0434\u043b\u044f \u0432\u0430\u0448\u0438\u0445 \u043f\u043e\u0442\u0440\u0435\u0431\u043d\u043e\u0441\u0442\u0435\u0439.<\/p>\t\t\t\t\t\t<\/div>\n\t\t\t\t<\/div>\n\t\t\t\t\t<\/div>\n\t\t<\/div>\n\t\t\t\t<div class=\"elementor-column elementor-col-33 elementor-top-column elementor-element elementor-element-56d8920\" data-id=\"56d8920\" data-element_type=\"column\">\n\t\t\t<div class=\"elementor-widget-wrap elementor-element-populated\">\n\t\t\t\t\t\t\t\t<div class=\"elementor-element elementor-element-df53546 dce_masking-none elementor-widget elementor-widget-image\" data-id=\"df53546\" data-element_type=\"widget\" data-widget_type=\"image.default\">\n\t\t\t\t<div class=\"elementor-widget-container\">\n\t\t\t<style>\/*! elementor - v3.11.5 - 14-03-2023 *\/\n.elementor-widget-image{text-align:center}.elementor-widget-image a{display:inline-block}.elementor-widget-image a img[src$=\".svg\"]{width:48px}.elementor-widget-image img{vertical-align:middle;display:inline-block}<\/style>\t\t\t\t\t\t\t\t\t\t\t\t<img loading=\"lazy\" decoding=\"async\" width=\"350\" height=\"350\" src=\"https:\/\/yapicelik.com.tr\/wp-content\/uploads\/2023\/03\/310paslanmazsac.jpg\" class=\"attachment-large size-large wp-image-1227\" alt=\"\" srcset=\"https:\/\/yapicelik.com.tr\/wp-content\/uploads\/2023\/03\/310paslanmazsac.jpg 350w, https:\/\/yapicelik.com.tr\/wp-content\/uploads\/2023\/03\/310paslanmazsac-300x300.jpg 300w, https:\/\/yapicelik.com.tr\/wp-content\/uploads\/2023\/03\/310paslanmazsac-150x150.jpg 150w, https:\/\/yapicelik.com.tr\/wp-content\/uploads\/2023\/03\/310paslanmazsac-146x146.jpg 146w, https:\/\/yapicelik.com.tr\/wp-content\/uploads\/2023\/03\/310paslanmazsac-50x50.jpg 50w, https:\/\/yapicelik.com.tr\/wp-content\/uploads\/2023\/03\/310paslanmazsac-75x75.jpg 75w, https:\/\/yapicelik.com.tr\/wp-content\/uploads\/2023\/03\/310paslanmazsac-85x85.jpg 85w, https:\/\/yapicelik.com.tr\/wp-content\/uploads\/2023\/03\/310paslanmazsac-80x80.jpg 80w\" sizes=\"auto, (max-width: 350px) 100vw, 350px\" \/>\t\t\t\t\t\t\t\t\t\t\t\t\t\t\t<\/div>\n\t\t\t\t<\/div>\n\t\t\t\t\t<\/div>\n\t\t<\/div>\n\t\t\t\t\t\t\t<\/div>\n\t\t<\/section>\n\t\t\t\t<section data-particle_enable=\"false\" data-particle-mobile-disabled=\"false\" class=\"elementor-section elementor-top-section elementor-element elementor-element-0e07e50 elementor-section-stretched elementor-section-boxed elementor-section-height-default elementor-section-height-default\" data-id=\"0e07e50\" data-element_type=\"section\" data-settings=\"{&quot;stretch_section&quot;:&quot;section-stretched&quot;}\">\n\t\t\t\t\t\t<div class=\"elementor-container elementor-column-gap-default\">\n\t\t\t\t\t<div class=\"elementor-column elementor-col-100 elementor-top-column elementor-element elementor-element-3f543cd\" data-id=\"3f543cd\" data-element_type=\"column\">\n\t\t\t<div class=\"elementor-widget-wrap elementor-element-populated\">\n\t\t\t\t\t\t\t\t<div class=\"elementor-element elementor-element-38dc007 elementor-widget elementor-widget-text-editor\" data-id=\"38dc007\" data-element_type=\"widget\" data-widget_type=\"text-editor.default\">\n\t\t\t\t<div class=\"elementor-widget-container\">\n\t\t\t\t\t\t\t<p>\u041d\u0430\u0448\u0430 \u043a\u043e\u043c\u043f\u0430\u043d\u0438\u044f \u0443\u0436\u0435 \u043c\u043d\u043e\u0433\u0438\u0435 \u0433\u043e\u0434\u044b \u043f\u0440\u0435\u0434\u043b\u0430\u0433\u0430\u0435\u0442 \u0441\u0432\u043e\u0438\u043c \u043a\u043b\u0438\u0435\u043d\u0442\u0430\u043c \u0432\u044b\u0441\u043e\u043a\u043e\u043a\u0430\u0447\u0435\u0441\u0442\u0432\u0435\u043d\u043d\u044b\u0435 \u0441\u0442\u0430\u043b\u044c\u043d\u044b\u0435 \u043f\u0440\u043e\u0444\u0438\u043b\u0438. \u041c\u044b \u043f\u0440\u043e\u0438\u0437\u0432\u043e\u0434\u0438\u043c \u0441\u0442\u0430\u043b\u044c\u043d\u044b\u0435 \u043f\u0440\u043e\u0444\u0438\u043b\u0438 \u0441 \u0438\u0441\u043f\u043e\u043b\u044c\u0437\u043e\u0432\u0430\u043d\u0438\u0435\u043c \u0441\u043e\u0432\u0440\u0435\u043c\u0435\u043d\u043d\u044b\u0445 \u0442\u0435\u0445\u043d\u043e\u043b\u043e\u0433\u0438\u0439 \u0432 \u043d\u0430\u0448\u0438\u0445 \u043f\u0440\u043e\u0438\u0437\u0432\u043e\u0434\u0441\u0442\u0432\u0435\u043d\u043d\u044b\u0445 \u0446\u0435\u0445\u0430\u0445.<\/p><p>\u041c\u044b \u0441\u0442\u0440\u0435\u043c\u0438\u043c\u0441\u044f \u043f\u0440\u0435\u0434\u043b\u0430\u0433\u0430\u0442\u044c \u043a\u0430\u0447\u0435\u0441\u0442\u0432\u0435\u043d\u043d\u044b\u0435 \u0438 \u0438\u043d\u043d\u043e\u0432\u0430\u0446\u0438\u043e\u043d\u043d\u044b\u0435 \u0440\u0435\u0448\u0435\u043d\u0438\u044f, \u0440\u0430\u0437\u0440\u0430\u0431\u0430\u0442\u044b\u0432\u0430\u044f \u043f\u0440\u043e\u0434\u0443\u043a\u0442\u044b, \u043a\u043e\u0442\u043e\u0440\u044b\u0435 \u0441\u043e\u043e\u0442\u0432\u0435\u0442\u0441\u0442\u0432\u0443\u044e\u0442 \u043f\u043e\u0442\u0440\u0435\u0431\u043d\u043e\u0441\u0442\u044f\u043c \u043d\u0430\u0448\u0438\u0445 \u043a\u043b\u0438\u0435\u043d\u0442\u043e\u0432. \u041c\u044b \u0440\u0430\u0431\u043e\u0442\u0430\u0435\u043c \u0447\u0435\u0441\u0442\u043d\u043e, \u043f\u0440\u043e\u0437\u0440\u0430\u0447\u043d\u043e \u0438 \u0441\u043e\u0431\u043b\u044e\u0434\u0430\u0435\u043c \u044d\u0442\u0438\u0447\u0435\u0441\u043a\u0438\u0435 \u043f\u0440\u0438\u043d\u0446\u0438\u043f\u044b, \u0447\u0442\u043e\u0431\u044b \u0437\u0430\u0441\u043b\u0443\u0436\u0438\u0442\u044c \u0434\u043e\u0432\u0435\u0440\u0438\u0435 \u043d\u0430\u0448\u0438\u0445 \u043a\u043b\u0438\u0435\u043d\u0442\u043e\u0432.<\/p><p>\u041d\u0430\u0448 \u0430\u0441\u0441\u043e\u0440\u0442\u0438\u043c\u0435\u043d\u0442 \u0432\u043a\u043b\u044e\u0447\u0430\u0435\u0442 \u0432 \u0441\u0435\u0431\u044f \u043f\u0440\u044f\u043c\u043e\u0443\u0433\u043e\u043b\u044c\u043d\u044b\u0435 \u043f\u0440\u043e\u0444\u0438\u043b\u0438, \u043a\u0432\u0430\u0434\u0440\u0430\u0442\u043d\u044b\u0435 \u043f\u0440\u043e\u0444\u0438\u043b\u0438, \u043f\u0440\u043e\u0444\u0438\u043b\u0438 NPU, \u043f\u0440\u043e\u0444\u0438\u043b\u0438 NPI, \u043f\u0440\u043e\u0444\u0438\u043b\u0438 HEA, \u043f\u0440\u043e\u0444\u0438\u043b\u0438 HEB, \u043f\u0440\u043e\u0444\u0438\u043b\u0438 IPE \u0438 \u0434\u0440\u0443\u0433\u0438\u0435 \u0440\u0430\u0437\u043b\u0438\u0447\u043d\u044b\u0435 \u0441\u0442\u0430\u043b\u044c\u043d\u044b\u0435 \u043f\u0440\u043e\u0444\u0438\u043b\u0438. \u041c\u044b \u043f\u0440\u0435\u0434\u043b\u0430\u0433\u0430\u0435\u043c \u043d\u0430\u0448\u0438\u043c \u043a\u043b\u0438\u0435\u043d\u0442\u0430\u043c \u0432\u044b\u0441\u043e\u043a\u0438\u0435 \u0441\u0442\u0430\u043d\u0434\u0430\u0440\u0442\u044b \u043a\u0430\u0447\u0435\u0441\u0442\u0432\u0430, \u043f\u0440\u0438\u043d\u0438\u043c\u0430\u044f \u0441\u0442\u0440\u043e\u0433\u0438\u0435 \u043c\u0435\u0440\u044b \u043a\u043e\u043d\u0442\u0440\u043e\u043b\u044f \u043a\u0430\u0447\u0435\u0441\u0442\u0432\u0430 \u0432 \u043f\u0440\u043e\u0446\u0435\u0441\u0441\u0435 \u043f\u0440\u043e\u0438\u0437\u0432\u043e\u0434\u0441\u0442\u0432\u0430.<\/p><p>\u0423\u0434\u043e\u0432\u043b\u0435\u0442\u0432\u043e\u0440\u0435\u043d\u043d\u043e\u0441\u0442\u044c \u043a\u043b\u0438\u0435\u043d\u0442\u043e\u0432 &#8212; \u043d\u0430\u0448 \u0433\u043b\u0430\u0432\u043d\u044b\u0439 \u043f\u0440\u0438\u043e\u0440\u0438\u0442\u0435\u0442. \u041c\u044b \u0440\u0430\u0431\u043e\u0442\u0430\u0435\u043c \u0441 \u043e\u043f\u044b\u0442\u043d\u043e\u0439 \u0438 \u043f\u0440\u043e\u0444\u0435\u0441\u0441\u0438\u043e\u043d\u0430\u043b\u044c\u043d\u043e\u0439 \u043a\u043e\u043c\u0430\u043d\u0434\u043e\u0439, \u0447\u0442\u043e\u0431\u044b \u043f\u0440\u0435\u0434\u043b\u0430\u0433\u0430\u0442\u044c \u0431\u044b\u0441\u0442\u0440\u044b\u0435 \u0438 \u044d\u0444\u0444\u0435\u043a\u0442\u0438\u0432\u043d\u044b\u0435 \u0440\u0435\u0448\u0435\u043d\u0438\u044f, \u043e\u0442\u0432\u0435\u0447\u0430\u044e\u0449\u0438\u0435 \u043f\u043e\u0442\u0440\u0435\u0431\u043d\u043e\u0441\u0442\u044f\u043c \u043d\u0430\u0448\u0438\u0445 \u043a\u043b\u0438\u0435\u043d\u0442\u043e\u0432. \u041c\u044b \u043f\u043e\u0441\u0442\u043e\u044f\u043d\u043d\u043e \u0443\u0447\u0438\u0442\u044b\u0432\u0430\u0435\u043c \u043e\u0431\u0440\u0430\u0442\u043d\u0443\u044e \u0441\u0432\u044f\u0437\u044c \u043e\u0442 \u043d\u0430\u0448\u0438\u0445 \u043a\u043b\u0438\u0435\u043d\u0442\u043e\u0432 \u0438 \u043f\u043e\u0441\u0442\u043e\u044f\u043d\u043d\u043e \u0441\u043e\u0432\u0435\u0440\u0448\u0435\u043d\u0441\u0442\u0432\u0443\u0435\u043c \u043d\u0430\u0448\u0438 \u043f\u0440\u043e\u0434\u0443\u043a\u0442\u044b.<\/p><p>\u041a\u0440\u043e\u043c\u0435 \u043f\u0440\u0435\u0434\u043e\u0441\u0442\u0430\u0432\u043b\u0435\u043d\u0438\u044f \u043a\u0430\u0447\u0435\u0441\u0442\u0432\u0435\u043d\u043d\u044b\u0445 \u043f\u0440\u043e\u0434\u0443\u043a\u0442\u043e\u0432 \u043d\u0430\u0448\u0438\u043c \u043a\u043b\u0438\u0435\u043d\u0442\u0430\u043c \u0432 \u0441\u0442\u0440\u043e\u0438\u0442\u0435\u043b\u044c\u043d\u043e\u0439 \u043e\u0442\u0440\u0430\u0441\u043b\u0438, \u043d\u0430\u0448\u0430 \u043a\u043e\u043c\u043f\u0430\u043d\u0438\u044f \u0442\u0430\u043a\u0436\u0435 \u043e\u0431\u0441\u043b\u0443\u0436\u0438\u0432\u0430\u0435\u0442 \u043a\u043b\u0438\u0435\u043d\u0442\u043e\u0432 \u0432 \u0440\u0430\u0437\u043b\u0438\u0447\u043d\u044b\u0445 \u043e\u0442\u0440\u0430\u0441\u043b\u044f\u0445. \u041d\u0430\u0448\u0430 \u0446\u0435\u043b\u044c &#8212; \u0437\u0430\u043d\u044f\u0442\u044c \u043b\u0438\u0434\u0438\u0440\u0443\u044e\u0449\u0443\u044e \u043f\u043e\u0437\u0438\u0446\u0438\u044e \u0432 \u043d\u0430\u0448\u0435\u0439 \u043e\u0442\u0440\u0430\u0441\u043b\u0438, \u043f\u0440\u0435\u0434\u043b\u0430\u0433\u0430\u044f \u043d\u0430\u0448\u0438\u043c \u043a\u043b\u0438\u0435\u043d\u0442\u0430\u043c \u043a\u0430\u0447\u0435\u0441\u0442\u0432\u0435\u043d\u043d\u044b\u0435 \u0438 \u0438\u043d\u043d\u043e\u0432\u0430\u0446\u0438\u043e\u043d\u043d\u044b\u0435 \u043f\u0440\u043e\u0434\u0443\u043a\u0442\u044b, \u0438 \u0437\u0430\u0441\u043b\u0443\u0436\u0438\u0442\u044c \u0438\u0445 \u0434\u043e\u0432\u0435\u0440\u0438\u0435.<\/p>\t\t\t\t\t\t<\/div>\n\t\t\t\t<\/div>\n\t\t\t\t<div class=\"elementor-element elementor-element-fdf2e93 elementor-widget elementor-widget-heading\" data-id=\"fdf2e93\" data-element_type=\"widget\" data-widget_type=\"heading.default\">\n\t\t\t\t<div class=\"elementor-widget-container\">\n\t\t\t<span class=\"elementor-heading-title elementor-size-default\">\u041f\u043e\u0447\u0435\u043c\u0443 \u043c\u044b<\/span>\t\t<\/div>\n\t\t\t\t<\/div>\n\t\t\t\t<div class=\"elementor-element elementor-element-ffec93a elementor-widget elementor-widget-text-editor\" data-id=\"ffec93a\" data-element_type=\"widget\" data-widget_type=\"text-editor.default\">\n\t\t\t\t<div class=\"elementor-widget-container\">\n\t\t\t\t\t\t\t<p>Yap\u0131 \u00c7elik \u0438\u043c\u0435\u0435\u0442 \u0445\u043e\u0440\u043e\u0448\u043e \u043e\u0441\u043d\u0430\u0449\u0435\u043d\u043d\u0443\u044e \u043a\u043e\u043c\u0430\u043d\u0434\u0443 \u0438 \u043e\u0431\u043e\u0440\u0443\u0434\u043e\u0432\u0430\u043d\u0438\u0435 \u0434\u043b\u044f \u043e\u0431\u0435\u0441\u043f\u0435\u0447\u0435\u043d\u0438\u044f \u0432\u044b\u0441\u043e\u043a\u043e\u0433\u043e \u043a\u0430\u0447\u0435\u0441\u0442\u0432\u0430, \u0441\u0432\u043e\u0435\u0432\u0440\u0435\u043c\u0435\u043d\u043d\u043e\u0439 \u0434\u043e\u0441\u0442\u0430\u0432\u043a\u0438 \u0438 \u0440\u0430\u0437\u0443\u043c\u043d\u043e\u0439 \u0446\u0435\u043d\u044b, \u043a\u043e\u0442\u043e\u0440\u0443\u044e \u043e\u0436\u0438\u0434\u0430\u044e\u0442 \u0435\u0435 \u043a\u043b\u0438\u0435\u043d\u0442\u044b. \u041f\u0440\u043e\u0434\u043e\u043b\u0436\u0430\u0435\u0442 \u0441\u0432\u043e\u044e \u0434\u0435\u044f\u0442\u0435\u043b\u044c\u043d\u043e\u0441\u0442\u044c \u0432 \u043e\u0431\u043b\u0430\u0441\u0442\u0438 \u043c\u0435\u0442\u0430\u043b\u043b\u043e\u043a\u043e\u043d\u0441\u0442\u0440\u0443\u043a\u0446\u0438\u0439, \u043b\u0430\u0437\u0435\u0440\u043d\u043e-\u043f\u043b\u0430\u0437\u043c\u0435\u043d\u043d\u043e\u0439 \u0440\u0435\u0437\u043a\u0438 \u0438 \u0433\u0438\u0431\u043a\u0438 \u043c\u0435\u0442\u0430\u043b\u043b\u0430 \u0431\u0435\u0437 \u0443\u0449\u0435\u0440\u0431\u0430 \u0434\u043b\u044f \u043a\u0430\u0447\u0435\u0441\u0442\u0432\u0430 \u0432 \u0441\u0442\u0440\u0430\u043d\u0435 \u0438 \u0437\u0430 \u0440\u0443\u0431\u0435\u0436\u043e\u043c.<\/p>\t\t\t\t\t\t<\/div>\n\t\t\t\t<\/div>\n\t\t\t\t\t<\/div>\n\t\t<\/div>\n\t\t\t\t\t\t\t<\/div>\n\t\t<\/section>\n\t\t\t\t\t\t\t<\/div>\n\t\t","protected":false},"excerpt":{"rendered":"<p>\u041a\u0430\u0447\u0435\u0441\u0442\u0432\u0435\u043d\u043d\u044b\u0435, \u0431\u044b\u0441\u0442\u0440\u044b\u0435, \u043d\u0430\u0434\u0435\u0436\u043d\u044b\u0435 \u0438 \u0438\u043d\u0442\u0435\u043b\u043b\u0435\u043a\u0442\u0443\u0430\u043b\u044c\u043d\u044b\u0435 \u0440\u0435\u0448\u0435\u043d\u0438\u044f \u041c\u044b \u043f\u0440\u043e\u0434\u043e\u043b\u0436\u0430\u0435\u043c \u043d\u0430\u0448\u0435 \u043f\u0443\u0442\u0435\u0448\u0435\u0441\u0442\u0432\u0438\u0435 \u043f\u043e\u0434 \u043d\u0430\u0437\u0432\u0430\u043d\u0438\u0435\u043c Vizyon Makine, \u0441 2015 \u0433\u043e\u0434\u0430 \u043f\u043e\u0434 \u0438\u043c\u0435\u043d\u0435\u043c \u00c7EL\u0130K KONSTR\u00dcKS\u0130YON YAPI \u0130N\u015eAAT SAN. VE T\u0130C.<span class=\"excerpt-hellip\"> [\u2026]<\/span><\/p>\n","protected":false},"author":1,"featured_media":0,"parent":0,"menu_order":0,"comment_status":"closed","ping_status":"closed","template":"","meta":{"footnotes":""},"class_list":["post-3008","page","type-page","status-publish","hentry"],"_links":{"self":[{"href":"https:\/\/yapicelik.com.tr\/ru\/wp-json\/wp\/v2\/pages\/3008","targetHints":{"allow":["GET"]}}],"collection":[{"href":"https:\/\/yapicelik.com.tr\/ru\/wp-json\/wp\/v2\/pages"}],"about":[{"href":"https:\/\/yapicelik.com.tr\/ru\/wp-json\/wp\/v2\/types\/page"}],"author":[{"embeddable":true,"href":"https:\/\/yapicelik.com.tr\/ru\/wp-json\/wp\/v2\/users\/1"}],"replies":[{"embeddable":true,"href":"https:\/\/yapicelik.com.tr\/ru\/wp-json\/wp\/v2\/comments?post=3008"}],"version-history":[{"count":6,"href":"https:\/\/yapicelik.com.tr\/ru\/wp-json\/wp\/v2\/pages\/3008\/revisions"}],"predecessor-version":[{"id":3016,"href":"https:\/\/yapicelik.com.tr\/ru\/wp-json\/wp\/v2\/pages\/3008\/revisions\/3016"}],"wp:attachment":[{"href":"https:\/\/yapicelik.com.tr\/ru\/wp-json\/wp\/v2\/media?parent=3008"}],"curies":[{"name":"wp","href":"https:\/\/api.w.org\/{rel}","templated":true}]}}